{"id":2036,"date":"2024-04-22T02:00:26","date_gmt":"2024-04-22T02:00:26","guid":{"rendered":"https:\/\/mimaforklift.com\/?page_id=2036"},"modified":"2024-10-22T05:54:01","modified_gmt":"2024-10-22T05:54:01","slug":"16t-printing-and-dyeing-mold-industry","status":"publish","type":"page","link":"https:\/\/www.mimaforklift.com\/es\/16t-printing-and-dyeing-mold-industry\/","title":{"rendered":"16T Industria de moldes de impresi\u00f3n y te\u00f1ido"},"content":{"rendered":"<div data-elementor-type=\"wp-page\" data-elementor-id=\"2036\" class=\"elementor elementor-2036\" data-elementor-post-type=\"page\">\n\t\t\t\t\t\t<section class=\"elementor-section elementor-top-section elementor-element elementor-element-b02422a elementor-section-height-min-height elementor-section-boxed elementor-section-height-default elementor-section-items-middle\" data-id=\"b02422a\" data-element_type=\"section\" data-settings=\"{&quot;background_background&quot;:&quot;classic&quot;}\">\n\t\t\t\t\t\t\t<div class=\"elementor-background-overlay\"><\/div>\n\t\t\t\t\t\t\t<div class=\"elementor-container elementor-column-gap-default\">\n\t\t\t\t\t<div class=\"elementor-column elementor-col-100 elementor-top-column elementor-element elementor-element-faee5e5\" data-id=\"faee5e5\" data-element_type=\"column\">\n\t\t\t<div class=\"elementor-widget-wrap elementor-element-populated\">\n\t\t\t\t\t\t<div class=\"elementor-element elementor-element-afaebdc elementor-widget elementor-widget-pp-breadcrumbs\" data-id=\"afaebdc\" data-element_type=\"widget\" data-settings=\"{&quot;breadcrumbs_type&quot;:&quot;powerpack&quot;}\" data-widget_type=\"pp-breadcrumbs.default\">\n\t\t\t\t<div class=\"elementor-widget-container\">\n\t\t\t<ul class=\"pp-breadcrumbs pp-breadcrumbs-powerpack\">\t\t<li class=\"pp-breadcrumbs-item pp-breadcrumbs-item-home\">\n\t\t\t<a class=\"pp-breadcrumbs-crumb pp-breadcrumbs-crumb-link pp-breadcrumbs-crumb-home\" href=\"https:\/\/www.mimaforklift.com\/es\" title=\"Inicio\">\n\t\t\t\t<span class=\"pp-breadcrumbs-text\">\n\t\t\t\t\t\t\t\t\t\t\t<span class=\"pp-icon\">\n\t\t\t\t\t\t\t<svg aria-hidden=\"true\" class=\"e-font-icon-svg e-fas-home\" viewbox=\"0 0 576 512\" xmlns=\"http:\/\/www.w3.org\/2000\/svg\"><path d=\"M280.37 148.26L96 300.11V464a16 16 0 0 0 16 16l112.06-.29a16 16 0 0 0 15.92-16V368a16 16 0 0 1 16-16h64a16 16 0 0 1 16 16v95.64a16 16 0 0 0 16 16.05L464 480a16 16 0 0 0 16-16V300L295.67 148.26a12.19 12.19 0 0 0-15.3 0zM571.6 251.47L488 182.56V44.05a12 12 0 0 0-12-12h-56a12 12 0 0 0-12 12v72.61L318.47 43a48 48 0 0 0-61 0L4.34 251.47a12 12 0 0 0-1.6 16.9l25.5 31A12 12 0 0 0 45.15 301l235.22-193.74a12.19 12.19 0 0 1 15.3 0L530.9 301a12 12 0 0 0 16.9-1.6l25.5-31a12 12 0 0 0-1.7-16.93z\"><\/path><\/svg>\t\t\t\t\t\t<\/span>\n\t\t\t\t\t\t\t\t\t\tInicio\t\t\t\t<\/span>\n\t\t\t<\/a>\n\t\t<\/li>\n\t\t<li class=\"pp-breadcrumbs-separator\">\t\t\t\t<span class='pp-separator-icon pp-icon'>\n\t\t\t\t\t<svg aria-hidden=\"true\" class=\"e-font-icon-svg e-fas-angle-right\" viewbox=\"0 0 256 512\" xmlns=\"http:\/\/www.w3.org\/2000\/svg\"><path d=\"M224.3 273l-136 136c-9.4 9.4-24.6 9.4-33.9 0l-22.6-22.6c-9.4-9.4-9.4-24.6 0-33.9l96.4-96.4-96.4-96.4c-9.4-9.4-9.4-24.6 0-33.9L54.3 103c9.4-9.4 24.6-9.4 33.9 0l136 136c9.5 9.4 9.5 24.6.1 34z\"><\/path><\/svg>\t\t\t\t<\/span>\n\t\t\t\t<\/li><\/ul>\t\t<\/div>\n\t\t\t\t<\/div>\n\t\t\t\t<div class=\"elementor-element elementor-element-bf49fbd elementor-widget elementor-widget-heading\" data-id=\"bf49fbd\" data-element_type=\"widget\" data-widget_type=\"heading.default\">\n\t\t\t\t<div class=\"elementor-widget-container\">\n\t\t\t<h1 class=\"elementor-heading-title elementor-size-default\">16T Industria de moldes de impresi\u00f3n y te\u00f1ido<\/h1>\t\t<\/div>\n\t\t\t\t<\/div>\n\t\t\t\t\t<\/div>\n\t\t<\/div>\n\t\t\t\t\t<\/div>\n\t\t<\/section>\n\t\t\t\t<section class=\"elementor-section elementor-top-section elementor-element elementor-element-b01b7c6 elementor-section-boxed elementor-section-height-default elementor-section-height-default\" data-id=\"b01b7c6\" data-element_type=\"section\">\n\t\t\t\t\t\t<div class=\"elementor-container elementor-column-gap-default\">\n\t\t\t\t\t<div class=\"elementor-column elementor-col-100 elementor-top-column elementor-element elementor-element-98a322c\" data-id=\"98a322c\" data-element_type=\"column\">\n\t\t\t<div class=\"elementor-widget-wrap elementor-element-populated\">\n\t\t\t\t\t\t<div class=\"elementor-element elementor-element-4455d69 elementor-widget elementor-widget-heading\" data-id=\"4455d69\" data-element_type=\"widget\" data-widget_type=\"heading.default\">\n\t\t\t\t<div class=\"elementor-widget-container\">\n\t\t\t<h2 class=\"elementor-heading-title elementor-size-default\">Desaf\u00edo<\/h2>\t\t<\/div>\n\t\t\t\t<\/div>\n\t\t\t\t<div class=\"elementor-element elementor-element-5104cff elementor-widget elementor-widget-text-editor\" data-id=\"5104cff\" data-element_type=\"widget\" data-widget_type=\"text-editor.default\">\n\t\t\t\t<div class=\"elementor-widget-container\">\n\t\t\t\t\t\t\t<div data-page-id=\"KNEqdBwTpo9kMLxvUoAcE2rEnHg\" data-docx-has-block-data=\"false\"><div class=\"ace-line ace-line old-record-id-Dp2DdFlTIoit6xxwClfcH5llnlb\">Los clientes de la industria de moldes de impresi\u00f3n y tintura se enfrentaban al reto de la manipulaci\u00f3n y sustituci\u00f3n ineficaces de moldes de 16 toneladas. Esto ralentizaba considerablemente el proceso de producci\u00f3n, de ah\u00ed la necesidad de mejorar la eficiencia de la producci\u00f3n.<\/div><\/div>\t\t\t\t\t\t<\/div>\n\t\t\t\t<\/div>\n\t\t\t\t\t<\/div>\n\t\t<\/div>\n\t\t\t\t\t<\/div>\n\t\t<\/section>\n\t\t\t\t<section class=\"elementor-section elementor-top-section elementor-element elementor-element-4c98352 elementor-section-boxed elementor-section-height-default elementor-section-height-default\" data-id=\"4c98352\" data-element_type=\"section\">\n\t\t\t\t\t\t<div class=\"elementor-container elementor-column-gap-default\">\n\t\t\t\t\t<div class=\"elementor-column elementor-col-100 elementor-top-column elementor-element elementor-element-ae2fa77\" data-id=\"ae2fa77\" data-element_type=\"column\">\n\t\t\t<div class=\"elementor-widget-wrap elementor-element-populated\">\n\t\t\t\t\t\t<div class=\"elementor-element elementor-element-c50bce4 elementor-widget elementor-widget-heading\" data-id=\"c50bce4\" data-element_type=\"widget\" data-widget_type=\"heading.default\">\n\t\t\t\t<div class=\"elementor-widget-container\">\n\t\t\t<h2 class=\"elementor-heading-title elementor-size-default\">Soluci\u00f3n MIMA<\/h2>\t\t<\/div>\n\t\t\t\t<\/div>\n\t\t\t\t<div class=\"elementor-element elementor-element-d468317 elementor-widget elementor-widget-text-editor\" data-id=\"d468317\" data-element_type=\"widget\" data-widget_type=\"text-editor.default\">\n\t\t\t\t<div class=\"elementor-widget-container\">\n\t\t\t\t\t\t\t<div data-page-id=\"KNEqdBwTpo9kMLxvUoAcE2rEnHg\" data-docx-has-block-data=\"false\"><div class=\"ace-line ace-line old-record-id-Dp2DdFlTIoit6xxwClfcH5llnlb\"><div data-page-id=\"KNEqdBwTpo9kMLxvUoAcE2rEnHg\" data-docx-has-block-data=\"false\"><div class=\"ace-line ace-line old-record-id-WweCdR7qPoqqS3xwqbDc2AtgnGh\">MIMA respondi\u00f3 dise\u00f1ando un carro especial de 16 toneladas para la manipulaci\u00f3n y sustituci\u00f3n de moldes que se ajustaba a las necesidades del cliente. El carro est\u00e1 equipado con un mecanismo de potencia hidr\u00e1ulica para acciones de empuje y tracci\u00f3n hacia delante, un sistema de bloqueo de seguridad y se fabric\u00f3 para adaptarse a las condiciones espec\u00edficas del taller del cliente.<\/div><\/div><\/div><\/div>\t\t\t\t\t\t<\/div>\n\t\t\t\t<\/div>\n\t\t\t\t\t<\/div>\n\t\t<\/div>\n\t\t\t\t\t<\/div>\n\t\t<\/section>\n\t\t\t\t<section class=\"elementor-section elementor-top-section elementor-element elementor-element-a446969 elementor-section-boxed elementor-section-height-default elementor-section-height-default\" data-id=\"a446969\" data-element_type=\"section\">\n\t\t\t\t\t\t<div class=\"elementor-container elementor-column-gap-default\">\n\t\t\t\t\t<div class=\"elementor-column elementor-col-100 elementor-top-column elementor-element elementor-element-74f5dfd\" data-id=\"74f5dfd\" data-element_type=\"column\">\n\t\t\t<div class=\"elementor-widget-wrap elementor-element-populated\">\n\t\t\t\t\t\t<div class=\"elementor-element elementor-element-52998d0 elementor-widget elementor-widget-heading\" data-id=\"52998d0\" data-element_type=\"widget\" data-widget_type=\"heading.default\">\n\t\t\t\t<div class=\"elementor-widget-container\">\n\t\t\t<h2 class=\"elementor-heading-title elementor-size-default\">Beneficios<\/h2>\t\t<\/div>\n\t\t\t\t<\/div>\n\t\t\t\t<div class=\"elementor-element elementor-element-776b7aa elementor-widget elementor-widget-text-editor\" data-id=\"776b7aa\" data-element_type=\"widget\" data-widget_type=\"text-editor.default\">\n\t\t\t\t<div class=\"elementor-widget-container\">\n\t\t\t\t\t\t\t<div data-page-id=\"KNEqdBwTpo9kMLxvUoAcE2rEnHg\" data-docx-has-block-data=\"false\"><div class=\"ace-line ace-line old-record-id-Dp2DdFlTIoit6xxwClfcH5llnlb\"><div data-page-id=\"KNEqdBwTpo9kMLxvUoAcE2rEnHg\" data-docx-has-block-data=\"false\"><div class=\"ace-line ace-line old-record-id-WweCdR7qPoqqS3xwqbDc2AtgnGh\"><div data-page-id=\"KNEqdBwTpo9kMLxvUoAcE2rEnHg\" data-docx-has-block-data=\"false\"><div class=\"ace-line ace-line old-record-id-N7G1dhor3oSXHvxsXlBcwQUfnni\">Este carro espec\u00edfico facilita el cambio de moldes de forma r\u00e1pida y segura. Los clientes disfrutan de tiempos de inactividad muy reducidos, procesos de producci\u00f3n muy eficientes y una mayor productividad del taller. La soluci\u00f3n supera las expectativas del cliente para la gesti\u00f3n de grandes proyectos de moldes.<\/div><\/div><\/div><\/div><\/div><\/div>\t\t\t\t\t\t<\/div>\n\t\t\t\t<\/div>\n\t\t\t\t\t<\/div>\n\t\t<\/div>\n\t\t\t\t\t<\/div>\n\t\t<\/section>\n\t\t\t\t<section class=\"elementor-section elementor-top-section elementor-element elementor-element-670823b elementor-section-boxed elementor-section-height-default elementor-section-height-default\" data-id=\"670823b\" data-element_type=\"section\">\n\t\t\t\t\t\t<div class=\"elementor-container elementor-column-gap-default\">\n\t\t\t\t\t<div class=\"elementor-column elementor-col-100 elementor-top-column elementor-element elementor-element-cf7ab32\" data-id=\"cf7ab32\" data-element_type=\"column\">\n\t\t\t<div class=\"elementor-widget-wrap\">\n\t\t\t\t\t\t\t<\/div>\n\t\t<\/div>\n\t\t\t\t\t<\/div>\n\t\t<\/section>\n\t\t\t\t<\/div>","protected":false},"excerpt":{"rendered":"<p>Inicio 16T Printing And Dyeing Mold Industry Challenge Los clientes de la industria de moldes de impresi\u00f3n y tintura se enfrentaban al reto de la manipulaci\u00f3n y sustituci\u00f3n ineficaces de los moldes de 16 toneladas. Esto ralentizaba considerablemente el proceso de producci\u00f3n, de ah\u00ed la necesidad de mejorar la eficiencia de la producci\u00f3n. Soluci\u00f3n MIMA MIMA respondi\u00f3 dise\u00f1ando un sistema especial de manipulaci\u00f3n y sustituci\u00f3n de moldes de 16 toneladas [...]<\/p>","protected":false},"author":2,"featured_media":0,"parent":0,"menu_order":6,"comment_status":"closed","ping_status":"closed","template":"","meta":{"_acf_changed":false,"_seopress_robots_primary_cat":"","_seopress_titles_title":"","_seopress_titles_desc":"","_seopress_robots_index":"","footnotes":""},"class_list":["post-2036","page","type-page","status-publish","hentry"],"acf":[],"_links":{"self":[{"href":"https:\/\/www.mimaforklift.com\/es\/wp-json\/wp\/v2\/pages\/2036","targetHints":{"allow":["GET"]}}],"collection":[{"href":"https:\/\/www.mimaforklift.com\/es\/wp-json\/wp\/v2\/pages"}],"about":[{"href":"https:\/\/www.mimaforklift.com\/es\/wp-json\/wp\/v2\/types\/page"}],"author":[{"embeddable":true,"href":"https:\/\/www.mimaforklift.com\/es\/wp-json\/wp\/v2\/users\/2"}],"replies":[{"embeddable":true,"href":"https:\/\/www.mimaforklift.com\/es\/wp-json\/wp\/v2\/comments?post=2036"}],"version-history":[{"count":0,"href":"https:\/\/www.mimaforklift.com\/es\/wp-json\/wp\/v2\/pages\/2036\/revisions"}],"wp:attachment":[{"href":"https:\/\/www.mimaforklift.com\/es\/wp-json\/wp\/v2\/media?parent=2036"}],"curies":[{"name":"wp","href":"https:\/\/api.w.org\/{rel}","templated":true}]}}