{"id":110,"date":"2024-03-25T03:34:18","date_gmt":"2024-03-25T03:34:18","guid":{"rendered":"https:\/\/mimaforklift.com\/?page_id=110"},"modified":"2025-02-22T06:19:31","modified_gmt":"2025-02-22T06:19:31","slug":"leadership","status":"publish","type":"page","link":"https:\/\/www.mimaforklift.com\/de\/leadership\/","title":{"rendered":"Leiterschaft"},"content":{"rendered":"<div data-elementor-type=\"wp-page\" data-elementor-id=\"110\" class=\"elementor elementor-110\" data-elementor-post-type=\"page\">\n\t\t\t\t\t\t<section class=\"elementor-section elementor-top-section elementor-element elementor-element-3af1530 elementor-section-height-min-height elementor-section-boxed elementor-section-height-default elementor-section-items-middle\" data-id=\"3af1530\" data-element_type=\"section\" data-settings=\"{&quot;background_background&quot;:&quot;classic&quot;}\">\n\t\t\t\t\t\t\t<div class=\"elementor-background-overlay\"><\/div>\n\t\t\t\t\t\t\t<div class=\"elementor-container elementor-column-gap-default\">\n\t\t\t\t\t<div class=\"elementor-column elementor-col-100 elementor-top-column elementor-element elementor-element-a0af3d8\" data-id=\"a0af3d8\" data-element_type=\"column\">\n\t\t\t<div class=\"elementor-widget-wrap elementor-element-populated\">\n\t\t\t\t\t\t<div class=\"elementor-element elementor-element-d9306c8 elementor-widget elementor-widget-pp-breadcrumbs\" data-id=\"d9306c8\" data-element_type=\"widget\" data-settings=\"{&quot;breadcrumbs_type&quot;:&quot;powerpack&quot;}\" data-widget_type=\"pp-breadcrumbs.default\">\n\t\t\t\t<div class=\"elementor-widget-container\">\n\t\t\t<ul class=\"pp-breadcrumbs pp-breadcrumbs-powerpack\">\t\t<li class=\"pp-breadcrumbs-item pp-breadcrumbs-item-home\">\n\t\t\t<a class=\"pp-breadcrumbs-crumb pp-breadcrumbs-crumb-link pp-breadcrumbs-crumb-home\" href=\"https:\/\/www.mimaforklift.com\/de\" title=\"Startseite\">\n\t\t\t\t<span class=\"pp-breadcrumbs-text\">\n\t\t\t\t\t\t\t\t\t\t\t<span class=\"pp-icon\">\n\t\t\t\t\t\t\t<svg aria-hidden=\"true\" class=\"e-font-icon-svg e-fas-home\" viewbox=\"0 0 576 512\" xmlns=\"http:\/\/www.w3.org\/2000\/svg\"><path d=\"M280.37 148.26L96 300.11V464a16 16 0 0 0 16 16l112.06-.29a16 16 0 0 0 15.92-16V368a16 16 0 0 1 16-16h64a16 16 0 0 1 16 16v95.64a16 16 0 0 0 16 16.05L464 480a16 16 0 0 0 16-16V300L295.67 148.26a12.19 12.19 0 0 0-15.3 0zM571.6 251.47L488 182.56V44.05a12 12 0 0 0-12-12h-56a12 12 0 0 0-12 12v72.61L318.47 43a48 48 0 0 0-61 0L4.34 251.47a12 12 0 0 0-1.6 16.9l25.5 31A12 12 0 0 0 45.15 301l235.22-193.74a12.19 12.19 0 0 1 15.3 0L530.9 301a12 12 0 0 0 16.9-1.6l25.5-31a12 12 0 0 0-1.7-16.93z\"><\/path><\/svg>\t\t\t\t\t\t<\/span>\n\t\t\t\t\t\t\t\t\t\tStartseite\t\t\t\t<\/span>\n\t\t\t<\/a>\n\t\t<\/li>\n\t\t<li class=\"pp-breadcrumbs-separator\">\t\t\t\t<span class='pp-separator-icon pp-icon'>\n\t\t\t\t\t<svg aria-hidden=\"true\" class=\"e-font-icon-svg e-fas-angle-right\" viewbox=\"0 0 256 512\" xmlns=\"http:\/\/www.w3.org\/2000\/svg\"><path d=\"M224.3 273l-136 136c-9.4 9.4-24.6 9.4-33.9 0l-22.6-22.6c-9.4-9.4-9.4-24.6 0-33.9l96.4-96.4-96.4-96.4c-9.4-9.4-9.4-24.6 0-33.9L54.3 103c9.4-9.4 24.6-9.4 33.9 0l136 136c9.5 9.4 9.5 24.6.1 34z\"><\/path><\/svg>\t\t\t\t<\/span>\n\t\t\t\t<\/li><\/ul>\t\t<\/div>\n\t\t\t\t<\/div>\n\t\t\t\t<div class=\"elementor-element elementor-element-26e4b8b elementor-widget elementor-widget-heading\" data-id=\"26e4b8b\" data-element_type=\"widget\" data-widget_type=\"heading.default\">\n\t\t\t\t<div class=\"elementor-widget-container\">\n\t\t\t<h1 class=\"elementor-heading-title elementor-size-default\">Leiterschaft<\/h1>\t\t<\/div>\n\t\t\t\t<\/div>\n\t\t\t\t\t<\/div>\n\t\t<\/div>\n\t\t\t\t\t<\/div>\n\t\t<\/section>\n\t\t\t\t<section class=\"elementor-section elementor-top-section elementor-element elementor-element-a8afdeb elementor-section-boxed elementor-section-height-default elementor-section-height-default\" data-id=\"a8afdeb\" data-element_type=\"section\">\n\t\t\t\t\t\t<div class=\"elementor-container elementor-column-gap-default\">\n\t\t\t\t\t<div class=\"elementor-column elementor-col-100 elementor-top-column elementor-element elementor-element-9655343\" data-id=\"9655343\" data-element_type=\"column\">\n\t\t\t<div class=\"elementor-widget-wrap elementor-element-populated\">\n\t\t\t\t\t\t<section class=\"elementor-section elementor-inner-section elementor-element elementor-element-fb7c7d0 elementor-section-boxed elementor-section-height-default elementor-section-height-default\" data-id=\"fb7c7d0\" data-element_type=\"section\">\n\t\t\t\t\t\t<div class=\"elementor-container elementor-column-gap-default\">\n\t\t\t\t\t<div class=\"elementor-column elementor-col-33 elementor-inner-column elementor-element elementor-element-58afa0a\" data-id=\"58afa0a\" data-element_type=\"column\">\n\t\t\t<div class=\"elementor-widget-wrap elementor-element-populated\">\n\t\t\t\t\t\t<div class=\"elementor-element elementor-element-b3749cb elementor-widget elementor-widget-image\" data-id=\"b3749cb\" data-element_type=\"widget\" data-widget_type=\"image.default\">\n\t\t\t\t<div class=\"elementor-widget-container\">\n\t\t\t\t\t\t\t\t\t\t\t\t\t<img fetchpriority=\"high\" decoding=\"async\" width=\"600\" height=\"460\" src=\"https:\/\/www.mimaforklift.com\/wp-content\/uploads\/2025\/02\/\u97e9\u603b\u5de5\u4f5c\u7167-1.jpg\" class=\"attachment-large size-large wp-image-8629\" alt=\"\" srcset=\"https:\/\/www.mimaforklift.com\/wp-content\/uploads\/2025\/02\/\u97e9\u603b\u5de5\u4f5c\u7167-1.jpg 600w, https:\/\/www.mimaforklift.com\/wp-content\/uploads\/2025\/02\/\u97e9\u603b\u5de5\u4f5c\u7167-1-300x230.jpg 300w, https:\/\/www.mimaforklift.com\/wp-content\/uploads\/2025\/02\/\u97e9\u603b\u5de5\u4f5c\u7167-1-16x12.jpg 16w\" sizes=\"(max-width: 600px) 100vw, 600px\" \/>\t\t\t\t\t\t\t\t\t\t\t\t\t<\/div>\n\t\t\t\t<\/div>\n\t\t\t\t\t<\/div>\n\t\t<\/div>\n\t\t\t\t<div class=\"elementor-column elementor-col-33 elementor-inner-column elementor-element elementor-element-2cbf987\" data-id=\"2cbf987\" data-element_type=\"column\">\n\t\t\t<div class=\"elementor-widget-wrap elementor-element-populated\">\n\t\t\t\t\t\t<div class=\"elementor-element elementor-element-0147797 elementor-widget elementor-widget-image\" data-id=\"0147797\" data-element_type=\"widget\" data-widget_type=\"image.default\">\n\t\t\t\t<div class=\"elementor-widget-container\">\n\t\t\t\t\t\t\t\t\t\t\t\t\t<img decoding=\"async\" width=\"217\" height=\"200\" src=\"https:\/\/www.mimaforklift.com\/wp-content\/uploads\/2024\/04\/\u9017\u53f7.png\" class=\"attachment-large size-large wp-image-1504\" alt=\"\" \/>\t\t\t\t\t\t\t\t\t\t\t\t\t<\/div>\n\t\t\t\t<\/div>\n\t\t\t\t\t<\/div>\n\t\t<\/div>\n\t\t\t\t<div class=\"elementor-column elementor-col-33 elementor-inner-column elementor-element elementor-element-8acdefc\" data-id=\"8acdefc\" data-element_type=\"column\" data-settings=\"{&quot;background_background&quot;:&quot;classic&quot;}\">\n\t\t\t<div class=\"elementor-widget-wrap elementor-element-populated\">\n\t\t\t\t\t\t<div class=\"elementor-element elementor-element-52e010b elementor-widget elementor-widget-heading\" data-id=\"52e010b\" data-element_type=\"widget\" data-widget_type=\"heading.default\">\n\t\t\t\t<div class=\"elementor-widget-container\">\n\t\t\t<h2 class=\"elementor-heading-title elementor-size-default\">\"Minimaler Platzbedarf, maximale Leistung\"<\/h2>\t\t<\/div>\n\t\t\t\t<\/div>\n\t\t\t\t<div class=\"elementor-element elementor-element-5dbb4fc elementor-widget elementor-widget-text-editor\" data-id=\"5dbb4fc\" data-element_type=\"widget\" data-widget_type=\"text-editor.default\">\n\t\t\t\t<div class=\"elementor-widget-container\">\n\t\t\t\t\t\t\t<div data-page-id=\"DdI7dAgJFoY6b8x0IQIch7gVnAd\" data-docx-has-block-data=\"false\"><div class=\"ace-line ace-line old-record-id-HL0WdC8OxoOXpPxiZhPcdnmQnpd\">Herr Han Long, ein Vision\u00e4r mit mehr als einem Jahrzehnt Erfahrung in der mechanischen Konstruktion und im Verkauf von Gabelstaplern, gr\u00fcndete Banyitong Science &amp; Technology Developing Co., Ltd. Seine Leidenschaft f\u00fcr elektrische Lagertechnikger\u00e4te brachte ihn dazu, ein Unternehmen zu gr\u00fcnden, das sich der Forschung und Entwicklung in diesem Bereich widmet - ein Schritt, der zu zahlreichen Branchenpremieren f\u00fchrte.<\/div><\/div>\t\t\t\t\t\t<\/div>\n\t\t\t\t<\/div>\n\t\t\t\t\t<\/div>\n\t\t<\/div>\n\t\t\t\t\t<\/div>\n\t\t<\/section>\n\t\t\t\t\t<\/div>\n\t\t<\/div>\n\t\t\t\t\t<\/div>\n\t\t<\/section>\n\t\t\t\t<section class=\"elementor-section elementor-top-section elementor-element elementor-element-c95bd80 elementor-section-boxed elementor-section-height-default elementor-section-height-default\" data-id=\"c95bd80\" data-element_type=\"section\">\n\t\t\t\t\t\t<div class=\"elementor-container elementor-column-gap-default\">\n\t\t\t\t\t<div class=\"elementor-column elementor-col-100 elementor-top-column elementor-element elementor-element-b6e2b4a\" data-id=\"b6e2b4a\" data-element_type=\"column\">\n\t\t\t<div class=\"elementor-widget-wrap elementor-element-populated\">\n\t\t\t\t\t\t<section class=\"elementor-section elementor-inner-section elementor-element elementor-element-c0f4ff0 elementor-section-boxed elementor-section-height-default elementor-section-height-default\" data-id=\"c0f4ff0\" data-element_type=\"section\">\n\t\t\t\t\t\t<div class=\"elementor-container elementor-column-gap-default\">\n\t\t\t\t\t<div class=\"elementor-column elementor-col-50 elementor-inner-column elementor-element elementor-element-4659ad9\" data-id=\"4659ad9\" data-element_type=\"column\">\n\t\t\t<div class=\"elementor-widget-wrap elementor-element-populated\">\n\t\t\t\t\t\t<div class=\"elementor-element elementor-element-09a10c1 elementor-widget elementor-widget-heading\" data-id=\"09a10c1\" data-element_type=\"widget\" data-widget_type=\"heading.default\">\n\t\t\t\t<div class=\"elementor-widget-container\">\n\t\t\t<h2 class=\"elementor-heading-title elementor-size-default\">Unsere F\u00fchrung und Mitarbeiter<\/h2>\t\t<\/div>\n\t\t\t\t<\/div>\n\t\t\t\t<div class=\"elementor-element elementor-element-d146bef elementor-widget elementor-widget-text-editor\" data-id=\"d146bef\" data-element_type=\"widget\" data-widget_type=\"text-editor.default\">\n\t\t\t\t<div class=\"elementor-widget-container\">\n\t\t\t\t\t\t\t<div data-page-id=\"DdI7dAgJFoY6b8x0IQIch7gVnAd\" data-docx-has-block-data=\"false\"><div class=\"ace-line ace-line old-record-id-BjQcdZxauojKlXxrtJVcFIB9n9g\">Wir setzen uns f\u00fcr den Erfolg Ihres Elektrostaplergesch\u00e4fts ein. Unsere Partner verbinden innovatives Denken, unerm\u00fcdlichen Einsatz und offene Zusammenarbeit. Wir sind in Ihren Erfolg investiert.<\/div><\/div>\t\t\t\t\t\t<\/div>\n\t\t\t\t<\/div>\n\t\t\t\t\t<\/div>\n\t\t<\/div>\n\t\t\t\t<div class=\"elementor-column elementor-col-50 elementor-inner-column elementor-element elementor-element-8994f7c\" data-id=\"8994f7c\" data-element_type=\"column\">\n\t\t\t<div class=\"elementor-widget-wrap elementor-element-populated\">\n\t\t\t\t\t\t<div class=\"elementor-element elementor-element-8ecb2e2 elementor-widget elementor-widget-image\" data-id=\"8ecb2e2\" data-element_type=\"widget\" data-widget_type=\"image.default\">\n\t\t\t\t<div class=\"elementor-widget-container\">\n\t\t\t\t\t\t\t\t\t\t\t\t\t<img decoding=\"async\" src=\"https:\/\/www.mimaforklift.com\/wp-content\/uploads\/elementor\/thumbs\/MiMA-Team-qqngs9yeaiwxdn79ic7hzb7n2vl8jbtl0nh0cwwfmo.webp\" title=\"MiMA-Team\" alt=\"MiMA-Team\" loading=\"lazy\" \/>\t\t\t\t\t\t\t\t\t\t\t\t\t<\/div>\n\t\t\t\t<\/div>\n\t\t\t\t\t<\/div>\n\t\t<\/div>\n\t\t\t\t\t<\/div>\n\t\t<\/section>\n\t\t\t\t\t<\/div>\n\t\t<\/div>\n\t\t\t\t\t<\/div>\n\t\t<\/section>\n\t\t\t\t<section class=\"elementor-section elementor-top-section elementor-element elementor-element-fc677a8 elementor-section-boxed elementor-section-height-default elementor-section-height-default\" data-id=\"fc677a8\" data-element_type=\"section\">\n\t\t\t\t\t\t<div class=\"elementor-container elementor-column-gap-default\">\n\t\t\t\t\t<div class=\"elementor-column elementor-col-100 elementor-top-column elementor-element elementor-element-778def9\" data-id=\"778def9\" data-element_type=\"column\">\n\t\t\t<div class=\"elementor-widget-wrap\">\n\t\t\t\t\t\t\t<\/div>\n\t\t<\/div>\n\t\t\t\t\t<\/div>\n\t\t<\/section>\n\t\t\t\t<\/div>","protected":false},"excerpt":{"rendered":"<p>Home Leadership \"Minimaler Platz, maximale Leistung\" Herr Han Long, ein Vision\u00e4r mit mehr als einem Jahrzehnt Erfahrung in der mechanischen Konstruktion und im Verkauf von Gabelstaplern, gr\u00fcndete die Banyitong Science &amp; Technology Developing Co, Ltd. Seine Leidenschaft f\u00fcr elektrische Flurf\u00f6rderzeuge brachte ihn dazu, ein Unternehmen zu gr\u00fcnden, das sich der Forschung und Entwicklung in diesem Bereich widmet - ein [...]<\/p>","protected":false},"author":2,"featured_media":0,"parent":0,"menu_order":42,"comment_status":"closed","ping_status":"closed","template":"","meta":{"_acf_changed":false,"_seopress_robots_primary_cat":"","_seopress_titles_title":"MiMA Leadership: Driving Innovation and Excellence","_seopress_titles_desc":"Meet the visionary leaders at MiMA who drive innovation in electric forklifts, ensuring your business success with their expertise and commitment. Learn more about our team.","_seopress_robots_index":"","footnotes":""},"class_list":["post-110","page","type-page","status-publish","hentry"],"acf":[],"_links":{"self":[{"href":"https:\/\/www.mimaforklift.com\/de\/wp-json\/wp\/v2\/pages\/110","targetHints":{"allow":["GET"]}}],"collection":[{"href":"https:\/\/www.mimaforklift.com\/de\/wp-json\/wp\/v2\/pages"}],"about":[{"href":"https:\/\/www.mimaforklift.com\/de\/wp-json\/wp\/v2\/types\/page"}],"author":[{"embeddable":true,"href":"https:\/\/www.mimaforklift.com\/de\/wp-json\/wp\/v2\/users\/2"}],"replies":[{"embeddable":true,"href":"https:\/\/www.mimaforklift.com\/de\/wp-json\/wp\/v2\/comments?post=110"}],"version-history":[{"count":0,"href":"https:\/\/www.mimaforklift.com\/de\/wp-json\/wp\/v2\/pages\/110\/revisions"}],"wp:attachment":[{"href":"https:\/\/www.mimaforklift.com\/de\/wp-json\/wp\/v2\/media?parent=110"}],"curies":[{"name":"wp","href":"https:\/\/api.w.org\/{rel}","templated":true}]}}